{"id":1426,"date":"2025-06-13T00:16:15","date_gmt":"2025-06-12T22:16:15","guid":{"rendered":"https:\/\/esta-service.us\/?page_id=1426"},"modified":"2026-01-28T16:11:37","modified_gmt":"2026-01-28T14:11:37","slug":"homepage","status":"publish","type":"page","link":"https:\/\/esta-service.us\/cs\/","title":{"rendered":"Homepage &#8211; Get information about ESTA here"},"content":{"rendered":"<div data-elementor-type=\"wp-page\" data-elementor-id=\"1426\" class=\"elementor elementor-1426\">\n\t\t\t\t\t\t<section class=\"elementor-section elementor-top-section elementor-element elementor-element-d0d9945 elementor-section-full_width elementor-section-height-full elementor-section-height-default elementor-section-items-middle\" data-id=\"d0d9945\" data-element_type=\"section\" data-e-type=\"section\" data-settings=\"{&quot;background_background&quot;:&quot;classic&quot;}\">\n\t\t\t\t\t\t<div class=\"elementor-container elementor-column-gap-default\">\n\t\t\t\t\t<div class=\"elementor-column elementor-col-50 elementor-top-column elementor-element elementor-element-ae8346b\" data-id=\"ae8346b\" data-element_type=\"column\" data-e-type=\"column\">\n\t\t\t<div class=\"elementor-widget-wrap elementor-element-populated\">\n\t\t\t\t\t\t<div class=\"elementor-element elementor-element-d817a46 elementor-widget__width-initial elementor-widget elementor-widget-heading\" data-id=\"d817a46\" data-element_type=\"widget\" data-e-type=\"widget\" data-widget_type=\"heading.default\">\n\t\t\t\t<div class=\"elementor-widget-container\">\n\t\t\t\t\t<h1 class=\"elementor-heading-title elementor-size-default\">PODAT \u017d\u00c1DOST O POVOLEN\u00cd K POBYTU V USA ZDE<\/h1>\t\t\t\t<\/div>\n\t\t\t\t<\/div>\n\t\t\t\t<div class=\"elementor-element elementor-element-9cab680 elementor-widget elementor-widget-text-editor\" data-id=\"9cab680\" data-element_type=\"widget\" data-e-type=\"widget\" data-widget_type=\"text-editor.default\">\n\t\t\t\t<div class=\"elementor-widget-container\">\n\t\t\t\t\t\t\t\t\t<section class=\"av_textblock_section av-m90e3tva-7b14263bde9093b87e8a509cd69cf715\"><div class=\"avia_textblock\"><p><span style=\"color: #000000;\"><span class=\"m-font-size-14\">Se schv\u00e1len\u00fdm\u00a0<\/span><a style=\"color: #000000;\" href=\"https:\/\/esta-service.us\/esta\/esta-application\/\"><strong class=\"m-font-size-14\">ESTA<\/strong><\/a><span class=\"m-font-size-14\">, m\u016f\u017eete ve Spojen\u00fdch st\u00e1tech pob\u00fdvat a\u017e 90 dn\u00ed za \u00fa\u010delem slu\u017eebn\u00ed nebo turistick\u00e9 cesty.<\/span><\/span><\/p><\/div><\/section><div class=\"hr av-1vwxp-c2ca654cdd51695ca4aace18dac3553b hr-default avia-builder-el-4 el_after_av_textblock el_before_av_button_big avia-builder-el-last\">\u00a0<\/div>\t\t\t\t\t\t\t\t<\/div>\n\t\t\t\t<\/div>\n\t\t\t\t<div class=\"elementor-element elementor-element-6442671 elementor-align-justify elementor-widget__width-inherit elementor-widget elementor-widget-button\" data-id=\"6442671\" data-element_type=\"widget\" data-e-type=\"widget\" data-widget_type=\"button.default\">\n\t\t\t\t<div class=\"elementor-widget-container\">\n\t\t\t\t\t\t\t\t\t<div class=\"elementor-button-wrapper\">\n\t\t\t\t\t<a class=\"elementor-button elementor-button-link elementor-size-sm\" href=\"https:\/\/esta-service.us\/application-form\/\">\n\t\t\t\t\t\t<span class=\"elementor-button-content-wrapper\">\n\t\t\t\t\t\t\t\t\t<span class=\"elementor-button-text\">P\u0158IHL\u00c1\u0160KA NA ESTA<\/span>\n\t\t\t\t\t<\/span>\n\t\t\t\t\t<\/a>\n\t\t\t\t<\/div>\n\t\t\t\t\t\t\t\t<\/div>\n\t\t\t\t<\/div>\n\t\t\t\t\t<\/div>\n\t\t<\/div>\n\t\t\t\t<div class=\"elementor-column elementor-col-25 elementor-top-column elementor-element elementor-element-8d50c8e\" data-id=\"8d50c8e\" data-element_type=\"column\" data-e-type=\"column\">\n\t\t\t<div class=\"elementor-widget-wrap elementor-element-populated\">\n\t\t\t\t\t\t<div class=\"elementor-element elementor-element-598321a elementor-hidden-desktop elementor-hidden-tablet elementor-widget elementor-widget-image\" data-id=\"598321a\" data-element_type=\"widget\" data-e-type=\"widget\" data-widget_type=\"image.default\">\n\t\t\t\t<div class=\"elementor-widget-container\">\n\t\t\t\t\t\t\t\t\t\t\t\t\t\t\t<img fetchpriority=\"high\" decoding=\"async\" width=\"1030\" height=\"687\" src=\"https:\/\/esta-service.us\/wp-content\/uploads\/2025\/06\/esta-1030x687.webp\" class=\"attachment-large size-large wp-image-1428\" alt=\"Get informatio about esta here - Esta service usa\" srcset=\"https:\/\/esta-service.us\/wp-content\/uploads\/2025\/06\/esta-1030x687.webp 1030w, https:\/\/esta-service.us\/wp-content\/uploads\/2025\/06\/esta-300x200.webp 300w, https:\/\/esta-service.us\/wp-content\/uploads\/2025\/06\/esta-768x512.webp 768w, https:\/\/esta-service.us\/wp-content\/uploads\/2025\/06\/esta-1536x1024.webp 1536w, https:\/\/esta-service.us\/wp-content\/uploads\/2025\/06\/esta-18x12.webp 18w, https:\/\/esta-service.us\/wp-content\/uploads\/2025\/06\/esta-360x240.webp 360w, https:\/\/esta-service.us\/wp-content\/uploads\/2025\/06\/esta.webp 1920w\" sizes=\"(max-width: 1030px) 100vw, 1030px\" title=\"\">\t\t\t\t\t\t\t\t\t\t\t\t\t\t\t<\/div>\n\t\t\t\t<\/div>\n\t\t\t\t\t<\/div>\n\t\t<\/div>\n\t\t\t\t<div class=\"elementor-column elementor-col-25 elementor-top-column elementor-element elementor-element-edb6779\" data-id=\"edb6779\" data-element_type=\"column\" data-e-type=\"column\">\n\t\t\t<div class=\"elementor-widget-wrap\">\n\t\t\t\t\t\t\t<\/div>\n\t\t<\/div>\n\t\t\t\t\t<\/div>\n\t\t<\/section>\n\t\t\t\t<section class=\"elementor-section elementor-top-section elementor-element elementor-element-a943c08 elementor-section-boxed elementor-section-height-default elementor-section-height-default\" data-id=\"a943c08\" data-element_type=\"section\" data-e-type=\"section\">\n\t\t\t\t\t\t<div class=\"elementor-container elementor-column-gap-default\">\n\t\t\t\t\t<div class=\"elementor-column elementor-col-100 elementor-top-column elementor-element elementor-element-4d92e9f\" data-id=\"4d92e9f\" data-element_type=\"column\" data-e-type=\"column\">\n\t\t\t<div class=\"elementor-widget-wrap elementor-element-populated\">\n\t\t\t\t\t\t<div class=\"elementor-element elementor-element-426f23f elementor-widget elementor-widget-heading\" data-id=\"426f23f\" data-element_type=\"widget\" data-e-type=\"widget\" data-widget_type=\"heading.default\">\n\t\t\t\t<div class=\"elementor-widget-container\">\n\t\t\t\t\t<h2 class=\"elementor-heading-title elementor-size-default\">JAK PODAT \u017d\u00c1DOST O POVOLEN\u00cd ESTA DO USA\n<\/h2>\t\t\t\t<\/div>\n\t\t\t\t<\/div>\n\t\t\t\t<div class=\"elementor-element elementor-element-ed108c9 elementor-widget-divider--view-line elementor-widget elementor-widget-divider\" data-id=\"ed108c9\" data-element_type=\"widget\" data-e-type=\"widget\" data-widget_type=\"divider.default\">\n\t\t\t\t<div class=\"elementor-widget-container\">\n\t\t\t\t\t\t\t<div class=\"elementor-divider\">\n\t\t\t<span class=\"elementor-divider-separator\">\n\t\t\t\t\t\t<\/span>\n\t\t<\/div>\n\t\t\t\t\t\t<\/div>\n\t\t\t\t<\/div>\n\t\t\t\t\t<\/div>\n\t\t<\/div>\n\t\t\t\t\t<\/div>\n\t\t<\/section>\n\t\t\t\t<section class=\"elementor-section elementor-top-section elementor-element elementor-element-3b80fff elementor-section-boxed elementor-section-height-default elementor-section-height-default\" data-id=\"3b80fff\" data-element_type=\"section\" data-e-type=\"section\">\n\t\t\t\t\t\t<div class=\"elementor-container elementor-column-gap-default\">\n\t\t\t\t\t<div class=\"elementor-column elementor-col-33 elementor-top-column elementor-element elementor-element-d5f1fa5\" data-id=\"d5f1fa5\" data-element_type=\"column\" data-e-type=\"column\">\n\t\t\t<div class=\"elementor-widget-wrap elementor-element-populated\">\n\t\t\t\t\t\t<div class=\"elementor-element elementor-element-b3b636c elementor-widget elementor-widget-text-editor\" data-id=\"b3b636c\" data-element_type=\"widget\" data-e-type=\"widget\" data-widget_type=\"text-editor.default\">\n\t\t\t\t<div class=\"elementor-widget-container\">\n\t\t\t\t\t\t\t\t\t<h3 class=\"text-align-center\"><strong>KROK 1<\/strong><\/h3><p><span style=\"color: #000000;\"><span class=\"m-font-size-14 font-size-20\">Vypl\u0148te sv\u00e9\u00a0<\/span><strong class=\"m-font-size-14 font-size-20\"><a style=\"color: #000000;\" href=\"https:\/\/esta-service.us\/esta\/esta-application\/\">ESTA<\/a>\u00a0<\/strong><span class=\"m-font-size-14 font-size-20\">elektronicky.<br \/>Mus\u00edte m\u00edt k dispozici cestovn\u00ed pas.<br \/>P\u0159edpokl\u00e1dan\u00e1 doba registrace je 8-12 minut<\/span><\/span><\/p>\t\t\t\t\t\t\t\t<\/div>\n\t\t\t\t<\/div>\n\t\t\t\t\t<\/div>\n\t\t<\/div>\n\t\t\t\t<div class=\"elementor-column elementor-col-33 elementor-top-column elementor-element elementor-element-f4efcf2\" data-id=\"f4efcf2\" data-element_type=\"column\" data-e-type=\"column\">\n\t\t\t<div class=\"elementor-widget-wrap elementor-element-populated\">\n\t\t\t\t\t\t<div class=\"elementor-element elementor-element-c7c2ae0 elementor-widget elementor-widget-text-editor\" data-id=\"c7c2ae0\" data-element_type=\"widget\" data-e-type=\"widget\" data-widget_type=\"text-editor.default\">\n\t\t\t\t<div class=\"elementor-widget-container\">\n\t\t\t\t\t\t\t\t\t<div id=\"1689579187\" class=\"u_1689579187 dmNewParagraph grid-widget ui-resizable\" data-uialign=\"center\" data-element-type=\"paragraph\" data-version=\"5\"><h3 class=\"text-align-center\">KROK 2<\/h3><\/div><div id=\"1407336476\" class=\"u_1407336476 dmNewParagraph grid-widget ui-resizable\" data-dmtmpl=\"true\" data-uialign=\"center\" data-version=\"5\"><div id=\"1407336476\" class=\"u_1407336476 dmNewParagraph grid-widget ui-resizable\" data-dmtmpl=\"true\" data-uialign=\"center\" data-version=\"5\"><p class=\"text-align-center m-size-14 size-20\"><span class=\"font-size-20 m-font-size-14\" style=\"color: #000000;\">Pla\u0165te pomoc\u00ed na\u0161eho online platebn\u00edho \u0159e\u0161en\u00ed. M\u016f\u017eete platit debetn\u00edmi a kreditn\u00edmi kartami (MasterCard, VISA, American Express, Discover, JCB a Diners Club).<\/span><\/p><\/div><\/div>\t\t\t\t\t\t\t\t<\/div>\n\t\t\t\t<\/div>\n\t\t\t\t\t<\/div>\n\t\t<\/div>\n\t\t\t\t<div class=\"elementor-column elementor-col-33 elementor-top-column elementor-element elementor-element-f3ad075\" data-id=\"f3ad075\" data-element_type=\"column\" data-e-type=\"column\">\n\t\t\t<div class=\"elementor-widget-wrap elementor-element-populated\">\n\t\t\t\t\t\t<div class=\"elementor-element elementor-element-c0faa60 elementor-widget elementor-widget-text-editor\" data-id=\"c0faa60\" data-element_type=\"widget\" data-e-type=\"widget\" data-widget_type=\"text-editor.default\">\n\t\t\t\t<div class=\"elementor-widget-container\">\n\t\t\t\t\t\t\t\t\t<h3 class=\"text-align-center\"><strong>KROK 3<\/strong><\/h3><p><span style=\"color: #000000;\"><span class=\"m-font-size-14 font-size-20\">V\u00edzum obdr\u017e\u00edte, kdy\u017e\u00a0\u00a0<\/span>aplikace esta<span class=\"m-font-size-14 font-size-20\">\u00a0je dokon\u010dena.<br \/>Va\u0161e \u017e\u00e1dost je vy\u0159\u00edzena do 12-36 hodin.<\/span><\/span><\/p>\t\t\t\t\t\t\t\t<\/div>\n\t\t\t\t<\/div>\n\t\t\t\t\t<\/div>\n\t\t<\/div>\n\t\t\t\t\t<\/div>\n\t\t<\/section>\n\t\t\t\t<section class=\"elementor-section elementor-top-section elementor-element elementor-element-ebd453c elementor-section-boxed elementor-section-height-default elementor-section-height-default\" data-id=\"ebd453c\" data-element_type=\"section\" data-e-type=\"section\">\n\t\t\t\t\t\t<div class=\"elementor-container elementor-column-gap-default\">\n\t\t\t\t\t<div class=\"elementor-column elementor-col-100 elementor-top-column elementor-element elementor-element-7fe2192\" data-id=\"7fe2192\" data-element_type=\"column\" data-e-type=\"column\">\n\t\t\t<div class=\"elementor-widget-wrap elementor-element-populated\">\n\t\t\t\t\t\t<div class=\"elementor-element elementor-element-f84fae5 elementor-widget-divider--view-line elementor-widget elementor-widget-divider\" data-id=\"f84fae5\" data-element_type=\"widget\" data-e-type=\"widget\" data-widget_type=\"divider.default\">\n\t\t\t\t<div class=\"elementor-widget-container\">\n\t\t\t\t\t\t\t<div class=\"elementor-divider\">\n\t\t\t<span class=\"elementor-divider-separator\">\n\t\t\t\t\t\t<\/span>\n\t\t<\/div>\n\t\t\t\t\t\t<\/div>\n\t\t\t\t<\/div>\n\t\t\t\t<div class=\"elementor-element elementor-element-1f0e835 elementor-align-justify elementor-widget__width-inherit elementor-widget elementor-widget-button\" data-id=\"1f0e835\" data-element_type=\"widget\" data-e-type=\"widget\" data-widget_type=\"button.default\">\n\t\t\t\t<div class=\"elementor-widget-container\">\n\t\t\t\t\t\t\t\t\t<div class=\"elementor-button-wrapper\">\n\t\t\t\t\t<a class=\"elementor-button elementor-button-link elementor-size-sm\" href=\"https:\/\/esta-service.us\/application-form\/\">\n\t\t\t\t\t\t<span class=\"elementor-button-content-wrapper\">\n\t\t\t\t\t\t\t\t\t<span class=\"elementor-button-text\">P\u0158IHL\u00c1\u0160KA NA ESTA<\/span>\n\t\t\t\t\t<\/span>\n\t\t\t\t\t<\/a>\n\t\t\t\t<\/div>\n\t\t\t\t\t\t\t\t<\/div>\n\t\t\t\t<\/div>\n\t\t\t\t<div class=\"elementor-element elementor-element-011bb81 elementor-widget-divider--view-line elementor-widget elementor-widget-divider\" data-id=\"011bb81\" data-element_type=\"widget\" data-e-type=\"widget\" data-widget_type=\"divider.default\">\n\t\t\t\t<div class=\"elementor-widget-container\">\n\t\t\t\t\t\t\t<div class=\"elementor-divider\">\n\t\t\t<span class=\"elementor-divider-separator\">\n\t\t\t\t\t\t<\/span>\n\t\t<\/div>\n\t\t\t\t\t\t<\/div>\n\t\t\t\t<\/div>\n\t\t\t\t\t<\/div>\n\t\t<\/div>\n\t\t\t\t\t<\/div>\n\t\t<\/section>\n\t\t\t\t<section class=\"elementor-section elementor-top-section elementor-element elementor-element-bdc62e6 elementor-section-boxed elementor-section-height-default elementor-section-height-default\" data-id=\"bdc62e6\" data-element_type=\"section\" data-e-type=\"section\">\n\t\t\t\t\t\t<div class=\"elementor-container elementor-column-gap-default\">\n\t\t\t\t\t<div class=\"elementor-column elementor-col-100 elementor-top-column elementor-element elementor-element-19f34e1\" data-id=\"19f34e1\" data-element_type=\"column\" data-e-type=\"column\">\n\t\t\t<div class=\"elementor-widget-wrap elementor-element-populated\">\n\t\t\t\t\t\t<div class=\"elementor-element elementor-element-0305305 elementor-widget elementor-widget-text-editor\" data-id=\"0305305\" data-element_type=\"widget\" data-e-type=\"widget\" data-widget_type=\"text-editor.default\">\n\t\t\t\t<div class=\"elementor-widget-container\">\n\t\t\t\t\t\t\t\t\t<section class=\"av_textblock_section av-m90eezpo-f5e927582a43a009bddd848e25eec9c2\"><div class=\"avia_textblock\"><h2><strong>CO JE ESTA?<\/strong><\/h2><p class=\"m-size-14 size-20\"><span style=\"color: #000000;\">Na str\u00e1nk\u00e1ch <a style=\"color: #000000;\" href=\"https:\/\/esta-service.us\/esta\/visa-waiver-program\/\">Program bezv\u00edzov\u00e9ho styku<\/a> (VWP) allows citizens of certain countries to travel to the United States for a period of up to 90 days for business or tourism purposes without the need to obtain a Visa. Instead of a U.S. Visa, they need to get an ESTA (Electronic System for Travel Authorization).<\/span><\/p><\/div><\/section><section class=\"av_textblock_section av-m90efgia-0677dab9c0d3979751f9c376b0df59a7\"><div class=\"avia_textblock\"><p class=\"m-size-14 size-20\"><span class=\"m-font-size-14 font-size-20\" style=\"color: #000000;\">Pokud je v\u00e1\u0161 cestovn\u00ed pas vyd\u00e1n v n\u011bkter\u00e9 z n\u00ed\u017ee uveden\u00fdch zem\u00ed, m\u016f\u017eete po\u017e\u00e1dat o povolen\u00ed ESTA:<\/span><\/p><\/div><\/section><div class=\"hr av-bal-380fc8cc40a502315fdb997c040c0efb hr-default avia-builder-el-26 el_after_av_textblock el_before_av_masonry_gallery avia-builder-el-last\">\u00a0<\/div>\t\t\t\t\t\t\t\t<\/div>\n\t\t\t\t<\/div>\n\t\t\t\t\t<\/div>\n\t\t<\/div>\n\t\t\t\t\t<\/div>\n\t\t<\/section>\n\t\t\t\t<\/div>","protected":false},"excerpt":{"rendered":"<p>APPLY FOR ESTA TO THE USA HERE With an approved\u00a0ESTA, you can stay in the United States for up to 90 days for business or tourism trips. \u00a0 APPLY FOR ESTA HOW TO APPLY FOR ESTA TO THE USA STEP 1 Fill in your\u00a0ESTA\u00a0electronically.You must have your passport available.The estimated registration time is 8-12 minutes [&hellip;]<\/p>\n","protected":false},"author":1,"featured_media":0,"parent":0,"menu_order":0,"comment_status":"closed","ping_status":"closed","template":"","meta":{"site-sidebar-layout":"no-sidebar","site-content-layout":"page-builder","ast-site-content-layout":"full-width-container","site-content-style":"default","site-sidebar-style":"default","ast-global-header-display":"","ast-banner-title-visibility":"","ast-main-header-display":"","ast-hfb-above-header-display":"","ast-hfb-below-header-display":"","ast-hfb-mobile-header-display":"","site-post-title":"disabled","ast-breadcrumbs-content":"","ast-featured-img":"disabled","footer-sml-layout":"","ast-disable-related-posts":"","theme-transparent-header-meta":"","adv-header-id-meta":"","stick-header-meta":"","header-above-stick-meta":"","header-main-stick-meta":"","header-below-stick-meta":"","astra-migrate-meta-layouts":"set","ast-page-background-enabled":"default","ast-page-background-meta":{"desktop":{"background-color":"var(--ast-global-color-4)","background-image":"","background-repeat":"repeat","background-position":"center center","background-size":"auto","background-attachment":"scroll","background-type":"","background-media":"","overlay-type":"","overlay-color":"","overlay-opacity":"","overlay-gradient":""},"tablet":{"background-color":"","background-image":"","background-repeat":"repeat","background-position":"center center","background-size":"auto","background-attachment":"scroll","background-type":"","background-media":"","overlay-type":"","overlay-color":"","overlay-opacity":"","overlay-gradient":""},"mobile":{"background-color":"","background-image":"","background-repeat":"repeat","background-position":"center center","background-size":"auto","background-attachment":"scroll","background-type":"","background-media":"","overlay-type":"","overlay-color":"","overlay-opacity":"","overlay-gradient":""}},"ast-content-background-meta":{"desktop":{"background-color":"var(--ast-global-color-5)","background-image":"","background-repeat":"repeat","background-position":"center center","background-size":"auto","background-attachment":"scroll","background-type":"","background-media":"","overlay-type":"","overlay-color":"","overlay-opacity":"","overlay-gradient":""},"tablet":{"background-color":"var(--ast-global-color-5)","background-image":"","background-repeat":"repeat","background-position":"center center","background-size":"auto","background-attachment":"scroll","background-type":"","background-media":"","overlay-type":"","overlay-color":"","overlay-opacity":"","overlay-gradient":""},"mobile":{"background-color":"var(--ast-global-color-5)","background-image":"","background-repeat":"repeat","background-position":"center center","background-size":"auto","background-attachment":"scroll","background-type":"","background-media":"","overlay-type":"","overlay-color":"","overlay-opacity":"","overlay-gradient":""}},"footnotes":""},"class_list":["post-1426","page","type-page","status-publish","hentry"],"_links":{"self":[{"href":"https:\/\/esta-service.us\/cs\/wp-json\/wp\/v2\/pages\/1426","targetHints":{"allow":["GET"]}}],"collection":[{"href":"https:\/\/esta-service.us\/cs\/wp-json\/wp\/v2\/pages"}],"about":[{"href":"https:\/\/esta-service.us\/cs\/wp-json\/wp\/v2\/types\/page"}],"author":[{"embeddable":true,"href":"https:\/\/esta-service.us\/cs\/wp-json\/wp\/v2\/users\/1"}],"replies":[{"embeddable":true,"href":"https:\/\/esta-service.us\/cs\/wp-json\/wp\/v2\/comments?post=1426"}],"version-history":[{"count":0,"href":"https:\/\/esta-service.us\/cs\/wp-json\/wp\/v2\/pages\/1426\/revisions"}],"wp:attachment":[{"href":"https:\/\/esta-service.us\/cs\/wp-json\/wp\/v2\/media?parent=1426"}],"curies":[{"name":"wp","href":"https:\/\/api.w.org\/{rel}","templated":true}]}}